{"id":4052,"date":"2025-05-26T15:17:02","date_gmt":"2025-05-26T13:17:02","guid":{"rendered":"https:\/\/keliostheprophecy.com\/?page_id=4052"},"modified":"2025-07-01T23:12:17","modified_gmt":"2025-07-01T21:12:17","slug":"nycdecay","status":"publish","type":"page","link":"https:\/\/keliostheprophecy.com\/en\/nycdecay\/","title":{"rendered":"NYCDecay"},"content":{"rendered":"\t\t<div data-elementor-type=\"wp-page\" data-elementor-id=\"4052\" class=\"elementor elementor-4052\">\n\t\t\t\t\t\t<section class=\"elementor-section elementor-top-section elementor-element elementor-element-2901b6d4 elementor-section-height-min-height elementor-section-boxed elementor-section-height-default elementor-section-items-middle\" data-id=\"2901b6d4\" data-element_type=\"section\" data-e-type=\"section\" data-settings=\"{&quot;background_background&quot;:&quot;slideshow&quot;,&quot;background_slideshow_gallery&quot;:[{&quot;id&quot;:4055,&quot;url&quot;:&quot;https:\\\/\\\/keliostheprophecy.com\\\/wp-content\\\/uploads\\\/2025\\\/05\\\/NYC-Decay.jpg&quot;}],&quot;background_slideshow_loop&quot;:&quot;yes&quot;,&quot;background_slideshow_slide_duration&quot;:5000,&quot;background_slideshow_slide_transition&quot;:&quot;fade&quot;,&quot;background_slideshow_transition_duration&quot;:500}\">\n\t\t\t\t\t\t\t<div class=\"elementor-background-overlay\"><\/div>\n\t\t\t\t\t\t\t<div class=\"elementor-container elementor-column-gap-no\">\n\t\t\t\t\t<div class=\"aux-parallax-section elementor-column elementor-col-100 elementor-top-column elementor-element elementor-element-1b8350bd\" data-id=\"1b8350bd\" data-element_type=\"column\" data-e-type=\"column\">\n\t\t\t<div class=\"elementor-widget-wrap elementor-element-populated\">\n\t\t\t\t\t\t<div class=\"aux-scroll-anim elementor-element elementor-element-2f80025d elementor-widget elementor-widget-aux_modern_heading\" data-move-in=\"\" data-move-out=\"moveVertical\" data-axis-x=\"30\" data-axis-y=\"40\" data-rotate=\"90\" data-scale=\"1\" data-vp-top=\"0.5\" data-vp-bot=\"0.5\" data-el-top=\"0.2\" data-scroll-animation-off=\"1024\" data-id=\"2f80025d\" data-element_type=\"widget\" data-e-type=\"widget\" data-widget_type=\"aux_modern_heading.default\">\n\t\t\t\t<div class=\"elementor-widget-container\">\n\t\t\t\t\t<section class=\"aux-widget-modern-heading\">\n            <div class=\"aux-widget-inner\"><h2 class=\"aux-modern-heading-primary\">NYC Decay<\/h2><\/div>\n        <\/section>\t\t\t\t<\/div>\n\t\t\t\t<\/div>\n\t\t\t\t\t<\/div>\n\t\t<\/div>\n\t\t\t\t\t<\/div>\n\t\t<\/section>\n\t\t\t\t<section class=\"elementor-section elementor-top-section elementor-element elementor-element-1dd6272d elementor-section-content-top elementor-section-boxed elementor-section-height-default elementor-section-height-default\" data-id=\"1dd6272d\" data-element_type=\"section\" data-e-type=\"section\" data-settings=\"{&quot;background_background&quot;:&quot;classic&quot;}\">\n\t\t\t\t\t\t<div class=\"elementor-container elementor-column-gap-wide\">\n\t\t\t\t\t<div class=\"aux-parallax-section elementor-column elementor-col-100 elementor-top-column elementor-element elementor-element-a7d3c2f\" data-id=\"a7d3c2f\" data-element_type=\"column\" data-e-type=\"column\">\n\t\t\t<div class=\"elementor-widget-wrap elementor-element-populated\">\n\t\t\t\t\t\t<div class=\"aux-scroll-anim elementor-element elementor-element-6194d8b3 aux-appear-watch-animation aux-fade-in elementor-widget elementor-widget-aux_image\" data-move-in=\"moveVertical\" data-move-out=\"moveVertical\" data-axis-x=\"200\" data-axis-y=\"10\" data-rotate=\"90\" data-scale=\"1\" data-vp-top=\"0.5\" data-vp-bot=\"0.5\" data-el-top=\"0.2\" data-scroll-animation-off=\"1024\" data-id=\"6194d8b3\" data-element_type=\"widget\" data-e-type=\"widget\" data-widget_type=\"aux_image.default\">\n\t\t\t\t<div class=\"elementor-widget-container\">\n\t\t\t\t\t<section class=\"widget-container aux-widget-image aux-alignnone aux-parent-au01efafe0\">\n    <div class=\"aux-media-hint-frame \">\n        <div class=\"aux-media-image \" >\n        \n            \n\n            \n            <img data-recalc-dims=\"1\" fetchpriority=\"high\" decoding=\"async\" width=\"455\" height=\"640\" src=\"https:\/\/i0.wp.com\/keliostheprophecy.com\/wp-content\/uploads\/2025\/07\/Mockup-Corebook-03_com.png?resize=455%2C640&#038;ssl=1\" class=\"aux-attachment aux-featured-image aux-attachment-id-4400 aux-preload aux-has-preview\" alt=\"Mockup Corebook 03_com\" data-ratio=\"0.71\" data-original-w=\"455\" data-src=\"https:\/\/i0.wp.com\/keliostheprophecy.com\/wp-content\/uploads\/2025\/07\/Mockup-Corebook-03_com.png?fit=455%2C640&amp;ssl=1\" data-attachment-id=\"4400\" data-permalink=\"https:\/\/keliostheprophecy.com\/en\/nycdecay\/mockup-corebook-03_com\/\" data-orig-file=\"https:\/\/i0.wp.com\/keliostheprophecy.com\/wp-content\/uploads\/2025\/07\/Mockup-Corebook-03_com.png?fit=455%2C640&amp;ssl=1\" data-orig-size=\"455,640\" data-comments-opened=\"1\" data-image-meta=\"{&quot;aperture&quot;:&quot;0&quot;,&quot;credit&quot;:&quot;&quot;,&quot;camera&quot;:&quot;&quot;,&quot;caption&quot;:&quot;&quot;,&quot;created_timestamp&quot;:&quot;0&quot;,&quot;copyright&quot;:&quot;&quot;,&quot;focal_length&quot;:&quot;0&quot;,&quot;iso&quot;:&quot;0&quot;,&quot;shutter_speed&quot;:&quot;0&quot;,&quot;title&quot;:&quot;&quot;,&quot;orientation&quot;:&quot;0&quot;}\" data-image-title=\"Mockup Corebook 03_com\" data-medium-file=\"https:\/\/i0.wp.com\/keliostheprophecy.com\/wp-content\/uploads\/2025\/07\/Mockup-Corebook-03_com.png?fit=300%2C300&amp;ssl=1\" data-large-file=\"https:\/\/i0.wp.com\/keliostheprophecy.com\/wp-content\/uploads\/2025\/07\/Mockup-Corebook-03_com.png?fit=455%2C640&amp;ssl=1\" \/>            \n                <\/div>\n    <\/div>\n\n<\/section><!-- widget-container -->\t\t\t\t<\/div>\n\t\t\t\t<\/div>\n\t\t\t\t<div class=\"elementor-element elementor-element-eccec5f elementor-widget elementor-widget-text-editor\" data-id=\"eccec5f\" data-element_type=\"widget\" data-e-type=\"widget\" data-widget_type=\"text-editor.default\">\n\t\t\t\t<div class=\"elementor-widget-container\">\n\t\t\t\t\t\t\t\t\t<p><strong><span style=\"color: #fef399;\">Benvenuti a New York, anno 1919<\/span><\/strong><\/p>\n\n<p>La <span style=\"color: #fef399;\"><strong>Genetech Corporation<\/strong><\/span> sconvolge il mondo con\u00a0<span style=\"color: #fef399;\"><strong>Delay<\/strong><\/span>, un farmaco miracoloso che promette di rallentare l\u2019invecchiamento umano.<\/p>\n\n<p>Per il lancio ufficiale viene scelta <span style=\"color: #fef399;\"><strong>Manhattan<\/strong><\/span>, il cuore scintillante dell\u2019America moderna. Le prime fiale, rarissime, vengono battute all\u2019asta. Politici, celebrit\u00e0, magnati dell\u2019industria e boss della malavita: tutti vogliono Delay. E sono disposti a qualsiasi cosa per ottenerlo.<\/p>\n\n<p>Ma qualcosa va storto. <span style=\"color: #fef399;\"><strong>Il farmaco funziona&#8230; fin troppo bene.<\/span><\/strong><\/p>\n\n<p>Coloro che hanno assunto il farmaco, non trovano pace. Intrappolati tra la vita e la morte, vagano per le strade seminando il caos e diffondendo il contagio con un semplice graffio o morso. Persino un ultimo disperato tentativo di contenere l\u2019epidemia, guidato dal visionario <span style=\"color: #fef399;\"><strong>Nikola Tesla<\/strong><\/span>, fallisce. E l&#8217;esercito prende l&#8217;unica decisione possibile: isolare Manhattan.<\/p>\n\n<p><strong><span style=\"color: #fef399;\">Nessuno entra. Nessuno esce.<\/span><\/strong><\/p>\t\t\t\t\t\t\t\t<\/div>\n\t\t\t\t<\/div>\n\t\t\t\t<div class=\"elementor-element elementor-element-5fa5257 elementor-widget elementor-widget-image\" data-id=\"5fa5257\" data-element_type=\"widget\" data-e-type=\"widget\" data-widget_type=\"image.default\">\n\t\t\t\t<div class=\"elementor-widget-container\">\n\t\t\t\t\t\t\t\t\t\t\t\t\t\t\t<img data-recalc-dims=\"1\" decoding=\"async\" src=\"https:\/\/i0.wp.com\/keliostheprophecy.com\/wp-content\/uploads\/elementor\/thumbs\/kelios_httpss.mj_.runQDAQN4PbkB8_an_art_deco_page_divider_gol_9e256188-7975-4db3-be21-c565c2e93453_0-removebg-preview-r6dmsbeavjaerg9kcolh8fd2fom4p7cl4ahdpa7wu8.png?w=2000&#038;ssl=1\" title=\"_kelios_httpss.mj.runQDAQN4PbkB8_an_art_deco_page_divider_gol_9e256188-7975-4db3-be21-c565c2e93453_0-removebg-preview\" alt=\"_kelios_httpss.mj.runQDAQN4PbkB8_an_art_deco_page_divider_gol_9e256188-7975-4db3-be21-c565c2e93453_0-removebg-preview\" loading=\"lazy\" \/>\t\t\t\t\t\t\t\t\t\t\t\t\t\t\t<\/div>\n\t\t\t\t<\/div>\n\t\t\t\t\t<\/div>\n\t\t<\/div>\n\t\t\t\t\t<\/div>\n\t\t<\/section>\n\t\t\t\t<section class=\"elementor-section elementor-top-section elementor-element elementor-element-7d2ad04 elementor-section-content-middle elementor-section-boxed elementor-section-height-default elementor-section-height-default\" data-id=\"7d2ad04\" data-element_type=\"section\" data-e-type=\"section\" data-settings=\"{&quot;background_background&quot;:&quot;classic&quot;}\">\n\t\t\t\t\t\t<div class=\"elementor-container elementor-column-gap-no\">\n\t\t\t\t\t<div class=\"aux-parallax-section elementor-column elementor-col-50 elementor-top-column elementor-element elementor-element-0a1a4a0\" data-id=\"0a1a4a0\" data-element_type=\"column\" data-e-type=\"column\">\n\t\t\t<div class=\"elementor-widget-wrap elementor-element-populated\">\n\t\t\t\t\t\t<div class=\"aux-scroll-anim elementor-element elementor-element-ac1d61f aux-appear-watch-animation aux-fade-in elementor-widget elementor-widget-aux_image\" data-move-in=\"moveVertical\" data-move-out=\"moveVertical\" data-axis-x=\"200\" data-axis-y=\"10\" data-rotate=\"90\" data-scale=\"1\" data-vp-top=\"0.5\" data-vp-bot=\"0.5\" data-el-top=\"0.2\" data-scroll-animation-off=\"1024\" data-id=\"ac1d61f\" data-element_type=\"widget\" data-e-type=\"widget\" data-widget_type=\"aux_image.default\">\n\t\t\t\t<div class=\"elementor-widget-container\">\n\t\t\t\t\t<section class=\"widget-container aux-widget-image aux-alignnone aux-parent-aub77a322e\">\n    <div class=\"aux-media-hint-frame \">\n        <div class=\"aux-media-image \" >\n        \n            \n\n            \n            <img data-recalc-dims=\"1\" decoding=\"async\" width=\"928\" height=\"1232\" src=\"https:\/\/i0.wp.com\/keliostheprophecy.com\/wp-content\/uploads\/2025\/05\/kelios_Art_Deco_portrait_of_a_mafia_guy._In_the_background_i_19f83291-cf40-449c-a0bd-8bf87135ece0_1.png?resize=928%2C1232&#038;ssl=1\" class=\"aux-attachment aux-featured-image aux-attachment-id-4094 aux-preload aux-has-preview\" alt=\"_kelios_Art_Deco_portrait_of_a_mafia_guy._In_the_background_i_19f83291-cf40-449c-a0bd-8bf87135ece0_1\" data-ratio=\"0.75\" data-original-w=\"928\" data-src=\"https:\/\/i0.wp.com\/keliostheprophecy.com\/wp-content\/uploads\/2025\/05\/kelios_Art_Deco_portrait_of_a_mafia_guy._In_the_background_i_19f83291-cf40-449c-a0bd-8bf87135ece0_1.png?fit=928%2C1232&amp;ssl=1\" data-attachment-id=\"4094\" data-permalink=\"https:\/\/keliostheprophecy.com\/en\/nycdecay\/_kelios_art_deco_portrait_of_a_mafia_guy-_in_the_background_i_19f83291-cf40-449c-a0bd-8bf87135ece0_1\/\" data-orig-file=\"https:\/\/i0.wp.com\/keliostheprophecy.com\/wp-content\/uploads\/2025\/05\/kelios_Art_Deco_portrait_of_a_mafia_guy._In_the_background_i_19f83291-cf40-449c-a0bd-8bf87135ece0_1.png?fit=928%2C1232&amp;ssl=1\" data-orig-size=\"928,1232\" data-comments-opened=\"1\" data-image-meta=\"{&quot;aperture&quot;:&quot;0&quot;,&quot;credit&quot;:&quot;&quot;,&quot;camera&quot;:&quot;&quot;,&quot;caption&quot;:&quot;&quot;,&quot;created_timestamp&quot;:&quot;0&quot;,&quot;copyright&quot;:&quot;&quot;,&quot;focal_length&quot;:&quot;0&quot;,&quot;iso&quot;:&quot;0&quot;,&quot;shutter_speed&quot;:&quot;0&quot;,&quot;title&quot;:&quot;&quot;,&quot;orientation&quot;:&quot;0&quot;}\" data-image-title=\"_kelios_Art_Deco_portrait_of_a_mafia_guy._In_the_background_i_19f83291-cf40-449c-a0bd-8bf87135ece0_1\" data-medium-file=\"https:\/\/i0.wp.com\/keliostheprophecy.com\/wp-content\/uploads\/2025\/05\/kelios_Art_Deco_portrait_of_a_mafia_guy._In_the_background_i_19f83291-cf40-449c-a0bd-8bf87135ece0_1.png?fit=300%2C300&amp;ssl=1\" data-large-file=\"https:\/\/i0.wp.com\/keliostheprophecy.com\/wp-content\/uploads\/2025\/05\/kelios_Art_Deco_portrait_of_a_mafia_guy._In_the_background_i_19f83291-cf40-449c-a0bd-8bf87135ece0_1.png?fit=928%2C1024&amp;ssl=1\" \/>            \n                <\/div>\n    <\/div>\n\n<\/section><!-- widget-container -->\t\t\t\t<\/div>\n\t\t\t\t<\/div>\n\t\t\t\t\t<\/div>\n\t\t<\/div>\n\t\t\t\t<div class=\"aux-parallax-section elementor-column elementor-col-50 elementor-top-column elementor-element elementor-element-93c93bd\" data-id=\"93c93bd\" data-element_type=\"column\" data-e-type=\"column\">\n\t\t\t<div class=\"elementor-widget-wrap elementor-element-populated\">\n\t\t\t\t\t\t<div class=\"elementor-element elementor-element-213cced aux-appear-watch-animation aux-fade-in-down elementor-widget elementor-widget-heading\" data-id=\"213cced\" data-element_type=\"widget\" data-e-type=\"widget\" data-widget_type=\"heading.default\">\n\t\t\t\t<div class=\"elementor-widget-container\">\n\t\t\t\t\t<h2 class=\"elementor-heading-title elementor-size-default\">I PERSONAGGI<\/h2>\t\t\t\t<\/div>\n\t\t\t\t<\/div>\n\t\t\t\t<div class=\"elementor-element elementor-element-d66e95e aux-appear-watch-animation aux-fade-in-left-2 elementor-widget elementor-widget-text-editor\" data-id=\"d66e95e\" data-element_type=\"widget\" data-e-type=\"widget\" data-widget_type=\"text-editor.default\">\n\t\t\t\t<div class=\"elementor-widget-container\">\n\t\t\t\t\t\t\t\t\tIn questa versione ucronica di <strong><span style=\"color: #fef399;\">Manhattan<\/span><\/strong>, i giocatori interpretano coloro che sono rimasti intrappolati sull&#8217;isola di Manhattan dopo la quarantena, costretti a reinventarsi in un mondo dove il concetto di civilt\u00e0 non esiste pi\u00f9.\n\nSiamo nel 1925, diversi anni dopo il <span style=\"color: #fef399;\"><strong>Rintocco<\/strong><\/span>. I personaggi non sono eroi. Alcuni erano scienziati coinvolti nei test del Delay. Altri ex membri delle forze dell\u2019ordine, ora vigilanti solitari o mercenari. Ci sono medici rimasti per senso del dovere, giornalisti ossessionati dalla verit\u00e0, truffatori che prosperano nel caos, membri della criminalit\u00e0 organizzata decisi a ricostruire il potere sulle ceneri dell\u2019isola.\n\nC\u2019\u00e8 chi cerca vendetta. Chi vuole proteggere un rifugio. Chi \u00e8 stato contaminato, ma ancora non si \u00e8 trasformato. Chi crede che Manhattan possa essere salvata. Chi sa che non c\u2019\u00e8 pi\u00f9 nulla da salvare.\n\nSono <span style=\"color: #fef399;\"><strong>sopravvisuti<\/strong><\/span>.\t\t\t\t\t\t\t\t<\/div>\n\t\t\t\t<\/div>\n\t\t\t\t\t<\/div>\n\t\t<\/div>\n\t\t\t\t\t<\/div>\n\t\t<\/section>\n\t\t\t\t<section class=\"elementor-section elementor-top-section elementor-element elementor-element-c599eb7 elementor-section-content-middle elementor-section-boxed elementor-section-height-default elementor-section-height-default\" data-id=\"c599eb7\" data-element_type=\"section\" data-e-type=\"section\" data-settings=\"{&quot;background_background&quot;:&quot;classic&quot;}\">\n\t\t\t\t\t\t<div class=\"elementor-container elementor-column-gap-no\">\n\t\t\t\t\t<div class=\"aux-parallax-section elementor-column elementor-col-50 elementor-top-column elementor-element elementor-element-4013c20\" data-id=\"4013c20\" data-element_type=\"column\" data-e-type=\"column\">\n\t\t\t<div class=\"elementor-widget-wrap elementor-element-populated\">\n\t\t\t\t\t\t<div class=\"elementor-element elementor-element-25f9914 aux-appear-watch-animation aux-fade-in-down elementor-widget elementor-widget-heading\" data-id=\"25f9914\" data-element_type=\"widget\" data-e-type=\"widget\" data-widget_type=\"heading.default\">\n\t\t\t\t<div class=\"elementor-widget-container\">\n\t\t\t\t\t<h2 class=\"elementor-heading-title elementor-size-default\">non una, ma pi\u00f9 realt\u00e0<\/h2>\t\t\t\t<\/div>\n\t\t\t\t<\/div>\n\t\t\t\t<div class=\"elementor-element elementor-element-998acbf aux-appear-watch-animation aux-fade-in-left-2 elementor-widget elementor-widget-text-editor\" data-id=\"998acbf\" data-element_type=\"widget\" data-e-type=\"widget\" data-widget_type=\"text-editor.default\">\n\t\t\t\t<div class=\"elementor-widget-container\">\n\t\t\t\t\t\t\t\t\t<p>Il <span style=\"color: #fef399;\"><strong>Rintocco<\/strong><\/span> non ha solo fallito. Ha <em data-start=\"216\" data-end=\"223\">rotto<\/em> qualcosa. Dal giorno della sua attivazione, Manhattan non esiste pi\u00f9 su un solo piano. In alcuni quartieri il tempo si piega, in altri si ripete. Ci sono strade che non portano pi\u00f9 dove dovrebbero, edifici che cambiano forma, ricordi che si manifestano come luoghi o persone.<\/p><p>Ogni anno, nel giorno dell\u2019anniversario, la citt\u00e0 pulsa. E con ogni nuovo Rintocco, ci\u00f2 che \u00e8 reale diventa sempre pi\u00f9 difficile da definire. I sopravvissuti lo sanno: non ci sono pi\u00f9 certezze.<\/p><p>Solo possibilit\u00e0. Solo frammenti. Solo <span style=\"color: #fef399;\"><strong>varianti <\/strong><\/span>della realt\u00e0.<\/p>\t\t\t\t\t\t\t\t<\/div>\n\t\t\t\t<\/div>\n\t\t\t\t\t<\/div>\n\t\t<\/div>\n\t\t\t\t<div class=\"aux-parallax-section elementor-column elementor-col-50 elementor-top-column elementor-element elementor-element-fe5ee48\" data-id=\"fe5ee48\" data-element_type=\"column\" data-e-type=\"column\">\n\t\t\t<div class=\"elementor-widget-wrap elementor-element-populated\">\n\t\t\t\t\t\t<div class=\"aux-scroll-anim elementor-element elementor-element-6844201 aux-appear-watch-animation aux-fade-in elementor-widget elementor-widget-aux_image\" data-move-in=\"moveVertical\" data-move-out=\"moveVertical\" data-axis-x=\"200\" data-axis-y=\"10\" data-rotate=\"90\" data-scale=\"1\" data-vp-top=\"0.5\" data-vp-bot=\"0.5\" data-el-top=\"0.2\" data-scroll-animation-off=\"1024\" data-id=\"6844201\" data-element_type=\"widget\" data-e-type=\"widget\" data-widget_type=\"aux_image.default\">\n\t\t\t\t<div class=\"elementor-widget-container\">\n\t\t\t\t\t<section class=\"widget-container aux-widget-image aux-alignnone aux-parent-au05e422f1\">\n    <div class=\"aux-media-hint-frame \">\n        <div class=\"aux-media-image \" >\n        \n            \n\n            \n            <img data-recalc-dims=\"1\" decoding=\"async\" width=\"928\" height=\"1232\" src=\"https:\/\/i0.wp.com\/keliostheprophecy.com\/wp-content\/uploads\/2025\/05\/kelios_Art_Deco_portrait_of_a_charleston_lady._In_the_backgr_d4d72c8c-7b9b-4c50-8d21-3a2594d4ab28_2.png?resize=928%2C1232&#038;ssl=1\" class=\"aux-attachment aux-featured-image aux-attachment-id-4099 aux-preload aux-has-preview\" alt=\"_kelios_Art_Deco_portrait_of_a_charleston_lady._In_the_backgr_d4d72c8c-7b9b-4c50-8d21-3a2594d4ab28_2\" data-ratio=\"0.75\" data-original-w=\"928\" data-src=\"https:\/\/i0.wp.com\/keliostheprophecy.com\/wp-content\/uploads\/2025\/05\/kelios_Art_Deco_portrait_of_a_charleston_lady._In_the_backgr_d4d72c8c-7b9b-4c50-8d21-3a2594d4ab28_2.png?fit=928%2C1232&amp;ssl=1\" data-attachment-id=\"4099\" data-permalink=\"https:\/\/keliostheprophecy.com\/en\/nycdecay\/_kelios_art_deco_portrait_of_a_charleston_lady-_in_the_backgr_d4d72c8c-7b9b-4c50-8d21-3a2594d4ab28_2\/\" data-orig-file=\"https:\/\/i0.wp.com\/keliostheprophecy.com\/wp-content\/uploads\/2025\/05\/kelios_Art_Deco_portrait_of_a_charleston_lady._In_the_backgr_d4d72c8c-7b9b-4c50-8d21-3a2594d4ab28_2.png?fit=928%2C1232&amp;ssl=1\" data-orig-size=\"928,1232\" data-comments-opened=\"1\" data-image-meta=\"{&quot;aperture&quot;:&quot;0&quot;,&quot;credit&quot;:&quot;&quot;,&quot;camera&quot;:&quot;&quot;,&quot;caption&quot;:&quot;&quot;,&quot;created_timestamp&quot;:&quot;0&quot;,&quot;copyright&quot;:&quot;&quot;,&quot;focal_length&quot;:&quot;0&quot;,&quot;iso&quot;:&quot;0&quot;,&quot;shutter_speed&quot;:&quot;0&quot;,&quot;title&quot;:&quot;&quot;,&quot;orientation&quot;:&quot;0&quot;}\" data-image-title=\"_kelios_Art_Deco_portrait_of_a_charleston_lady._In_the_backgr_d4d72c8c-7b9b-4c50-8d21-3a2594d4ab28_2\" data-medium-file=\"https:\/\/i0.wp.com\/keliostheprophecy.com\/wp-content\/uploads\/2025\/05\/kelios_Art_Deco_portrait_of_a_charleston_lady._In_the_backgr_d4d72c8c-7b9b-4c50-8d21-3a2594d4ab28_2.png?fit=300%2C300&amp;ssl=1\" data-large-file=\"https:\/\/i0.wp.com\/keliostheprophecy.com\/wp-content\/uploads\/2025\/05\/kelios_Art_Deco_portrait_of_a_charleston_lady._In_the_backgr_d4d72c8c-7b9b-4c50-8d21-3a2594d4ab28_2.png?fit=928%2C1024&amp;ssl=1\" \/>            \n                <\/div>\n    <\/div>\n\n<\/section><!-- widget-container -->\t\t\t\t<\/div>\n\t\t\t\t<\/div>\n\t\t\t\t\t<\/div>\n\t\t<\/div>\n\t\t\t\t\t<\/div>\n\t\t<\/section>\n\t\t\t\t<section class=\"elementor-section elementor-top-section elementor-element elementor-element-2279d7f elementor-section-content-middle elementor-section-boxed elementor-section-height-default elementor-section-height-default\" data-id=\"2279d7f\" data-element_type=\"section\" data-e-type=\"section\" data-settings=\"{&quot;background_background&quot;:&quot;classic&quot;}\">\n\t\t\t\t\t\t<div class=\"elementor-container elementor-column-gap-no\">\n\t\t\t\t\t<div class=\"aux-parallax-section elementor-column elementor-col-100 elementor-top-column elementor-element elementor-element-32e5bb8\" data-id=\"32e5bb8\" data-element_type=\"column\" data-e-type=\"column\">\n\t\t\t<div class=\"elementor-widget-wrap elementor-element-populated\">\n\t\t\t\t\t\t<div class=\"aux-scroll-anim elementor-element elementor-element-fc8ba9d aux-appear-watch-animation aux-fade-in elementor-widget elementor-widget-aux_image\" data-move-in=\"moveVertical\" data-move-out=\"moveVertical\" data-axis-x=\"200\" data-axis-y=\"10\" data-rotate=\"90\" data-scale=\"1\" data-vp-top=\"0.5\" data-vp-bot=\"0.5\" data-el-top=\"0.2\" data-scroll-animation-off=\"1024\" data-id=\"fc8ba9d\" data-element_type=\"widget\" data-e-type=\"widget\" data-widget_type=\"aux_image.default\">\n\t\t\t\t<div class=\"elementor-widget-container\">\n\t\t\t\t\t<section class=\"widget-container aux-widget-image aux-alignnone aux-parent-au4d3d0432\">\n    <div class=\"aux-media-hint-frame \">\n        <div class=\"aux-media-image aux-hover-active\" >\n                    <a class=\"\" href=\"https:\/\/www.kickstarter.com\/projects\/kelios\/cybertokyo-rpg\" data-elementor-open-lightbox=\"no\" data-original-width=\"600\" data-original-height=\"200\" data-caption=\"kickstarter\" target=\"_self\"  >\n        \n            \n\n            \n            <img data-recalc-dims=\"1\" loading=\"lazy\" decoding=\"async\" width=\"600\" height=\"200\" src=\"https:\/\/i0.wp.com\/keliostheprophecy.com\/wp-content\/uploads\/2025\/05\/kickstarter.png?resize=600%2C200&#038;ssl=1\" class=\"aux-attachment aux-featured-image aux-attachment-id-4058 aux-preload aux-has-preview\" alt=\"kickstarter\" data-ratio=\"3\" data-original-w=\"600\" data-src=\"https:\/\/i0.wp.com\/keliostheprophecy.com\/wp-content\/uploads\/2025\/05\/kickstarter.png?fit=600%2C200&amp;ssl=1\" data-attachment-id=\"4058\" data-permalink=\"https:\/\/keliostheprophecy.com\/en\/nycdecay\/kickstarter-3\/\" data-orig-file=\"https:\/\/i0.wp.com\/keliostheprophecy.com\/wp-content\/uploads\/2025\/05\/kickstarter.png?fit=600%2C200&amp;ssl=1\" data-orig-size=\"600,200\" data-comments-opened=\"1\" data-image-meta=\"{&quot;aperture&quot;:&quot;0&quot;,&quot;credit&quot;:&quot;&quot;,&quot;camera&quot;:&quot;&quot;,&quot;caption&quot;:&quot;&quot;,&quot;created_timestamp&quot;:&quot;0&quot;,&quot;copyright&quot;:&quot;&quot;,&quot;focal_length&quot;:&quot;0&quot;,&quot;iso&quot;:&quot;0&quot;,&quot;shutter_speed&quot;:&quot;0&quot;,&quot;title&quot;:&quot;&quot;,&quot;orientation&quot;:&quot;0&quot;}\" data-image-title=\"kickstarter\" data-medium-file=\"https:\/\/i0.wp.com\/keliostheprophecy.com\/wp-content\/uploads\/2025\/05\/kickstarter.png?fit=300%2C200&amp;ssl=1\" data-large-file=\"https:\/\/i0.wp.com\/keliostheprophecy.com\/wp-content\/uploads\/2025\/05\/kickstarter.png?fit=600%2C200&amp;ssl=1\" \/>            \n                    <\/a>\n                <\/div>\n    <\/div>\n\n<\/section><!-- widget-container -->\t\t\t\t<\/div>\n\t\t\t\t<\/div>\n\t\t\t\t\t<\/div>\n\t\t<\/div>\n\t\t\t\t\t<\/div>\n\t\t<\/section>\n\t\t\t\t<\/div>\n\t\t","protected":false},"excerpt":{"rendered":"<p>NYC Decay Benvenuti a New York, anno 1919 La Genetech Corporation sconvolge il mondo con\u00a0Delay, un farmaco miracoloso che promette di rallentare l\u2019invecchiamento umano. Per il lancio ufficiale viene scelta Manhattan, il cuore scintillante dell\u2019America moderna. Le prime fiale, rarissime, vengono battute all\u2019asta. Politici, celebrit\u00e0, magnati dell\u2019industria e boss della malavita: tutti vogliono Delay. E [&hellip;]<\/p>\n","protected":false},"author":209855464,"featured_media":0,"parent":0,"menu_order":0,"comment_status":"closed","ping_status":"closed","template":"","meta":{"_coblocks_attr":"","_coblocks_dimensions":"","_coblocks_responsive_height":"","_coblocks_accordion_ie_support":"","_crdt_document":"","advanced_seo_description":"","jetpack_seo_html_title":"","jetpack_seo_noindex":false,"jetpack_post_was_ever_published":false,"footnotes":""},"class_list":["post-4052","page","type-page","status-publish","hentry"],"jetpack_likes_enabled":true,"jetpack_sharing_enabled":true,"jetpack_shortlink":"https:\/\/wp.me\/Pdhy2K-13m","jetpack-related-posts":[],"_links":{"self":[{"href":"https:\/\/keliostheprophecy.com\/en\/wp-json\/wp\/v2\/pages\/4052","targetHints":{"allow":["GET"]}}],"collection":[{"href":"https:\/\/keliostheprophecy.com\/en\/wp-json\/wp\/v2\/pages"}],"about":[{"href":"https:\/\/keliostheprophecy.com\/en\/wp-json\/wp\/v2\/types\/page"}],"author":[{"embeddable":true,"href":"https:\/\/keliostheprophecy.com\/en\/wp-json\/wp\/v2\/users\/209855464"}],"replies":[{"embeddable":true,"href":"https:\/\/keliostheprophecy.com\/en\/wp-json\/wp\/v2\/comments?post=4052"}],"version-history":[{"count":87,"href":"https:\/\/keliostheprophecy.com\/en\/wp-json\/wp\/v2\/pages\/4052\/revisions"}],"predecessor-version":[{"id":4403,"href":"https:\/\/keliostheprophecy.com\/en\/wp-json\/wp\/v2\/pages\/4052\/revisions\/4403"}],"wp:attachment":[{"href":"https:\/\/keliostheprophecy.com\/en\/wp-json\/wp\/v2\/media?parent=4052"}],"curies":[{"name":"wp","href":"https:\/\/api.w.org\/{rel}","templated":true}]}}